{"id":14470,"date":"2021-05-17T14:41:20","date_gmt":"2021-05-17T14:41:20","guid":{"rendered":"https:\/\/emrecordlabelarchive.com\/?page_id=14470"},"modified":"2022-03-18T21:55:00","modified_gmt":"2022-03-18T21:55:00","slug":"syxt","status":"publish","type":"page","link":"https:\/\/emrecordlabelarchive.com\/?page_id=14470","title":{"rendered":"SYXT"},"content":{"rendered":"\n<p class=\"has-text-align-center\">LABEL<\/p>\n\n\n\n<p style=\"font-size:14px\">Founder: <a href=\"https:\/\/emrecordlabelarchive.com\/?page_id=22628\" data-type=\"page\" data-id=\"22628\">MZR<\/a> &amp; <a href=\"https:\/\/emrecordlabelarchive.com\/?page_id=22630\" data-type=\"page\" data-id=\"22630\">Ketch<\/a><\/p>\n\n\n\n<div style=\"height:100px\" aria-hidden=\"true\" class=\"wp-block-spacer\"><\/div>\n\n\n\n<p class=\"has-text-align-center\" style=\"font-size:14px\"><a href=\"https:\/\/emrecordlabelarchive.com\/?page_id=7157\" data-type=\"page\" data-id=\"7157\">Germany<\/a>    \/    <a href=\"https:\/\/emrecordlabelarchive.com\/?page_id=14024\" data-type=\"page\" data-id=\"14024\">Germany &#8211; Techno<\/a><\/p>\n\n\n\n<hr class=\"wp-block-separator is-style-wide\"\/>\n\n\n\n<p class=\"has-text-align-center\" style=\"font-size:14px\"><a href=\"https:\/\/emrecordlabelarchive.com\/?page_id=13097\" data-type=\"URL\" data-id=\"https:\/\/emrecordlabelarchive.com\/?page_id=13097\">Techno<\/a>  \/  <a href=\"https:\/\/emrecordlabelarchive.com\/?page_id=13794\" data-type=\"page\" data-id=\"13794\">Hypnotic Techno<\/a><\/p>\n\n\n\n<hr class=\"wp-block-separator is-style-wide\"\/>\n\n\n\n<div style=\"height:100px\" aria-hidden=\"true\" class=\"wp-block-spacer\"><\/div>\n\n\n\n<hr class=\"wp-block-separator is-style-wide\"\/>\n\n\n\n<figure class=\"wp-block-table is-style-stripes\"><table><tbody><tr><td class=\"has-text-align-center\" data-align=\"center\"><a rel=\"noreferrer noopener\" href=\"https:\/\/syxt-official.bandcamp.com\/\" target=\"_blank\">Bandcamp<\/a><\/td><td class=\"has-text-align-center\" data-align=\"center\"><a rel=\"noreferrer noopener\" href=\"https:\/\/www.traxsource.com\/label\/40338\/syxt\" target=\"_blank\">Traxsource<\/a><\/td><td class=\"has-text-align-center\" data-align=\"center\"><a rel=\"noreferrer noopener\" href=\"https:\/\/www.discogs.com\/de\/label\/1478738-SYXT\" target=\"_blank\">Discogs<\/a><\/td><\/tr><tr><td class=\"has-text-align-center\" data-align=\"center\"><a rel=\"noreferrer noopener\" href=\"https:\/\/soundcloud.com\/syxt-official\" target=\"_blank\">Soundcloud<\/a><\/td><td class=\"has-text-align-center\" data-align=\"center\"><\/td><td class=\"has-text-align-center\" data-align=\"center\"><\/td><\/tr><\/tbody><\/table><\/figure>\n\n\n\n<div style=\"height:100px\" aria-hidden=\"true\" class=\"wp-block-spacer\"><\/div>\n\n\n\n<p class=\"has-text-align-center has-medium-font-size\">Artists<\/p>\n\n\n\n<div style=\"height:100px\" aria-hidden=\"true\" class=\"wp-block-spacer\"><\/div>\n\n\n\n<figure class=\"wp-block-table is-style-stripes\"><table><tbody><tr><td><\/td><\/tr><tr><td><\/td><\/tr><tr><td><\/td><\/tr><tr><td><\/td><\/tr><tr><td><\/td><\/tr><tr><td><\/td><\/tr><tr><td><\/td><\/tr><tr><td><\/td><\/tr><tr><td><\/td><\/tr><tr><td><\/td><\/tr><tr><td><\/td><\/tr><tr><td><\/td><\/tr><tr><td><\/td><\/tr><tr><td><\/td><\/tr><tr><td><\/td><\/tr><tr><td><\/td><\/tr><tr><td><\/td><\/tr><\/tbody><\/table><\/figure>\n\n\n\n<div style=\"height:100px\" aria-hidden=\"true\" class=\"wp-block-spacer\"><\/div>\n\n\n\n<hr class=\"wp-block-separator\"\/>\n\n\n\n<div style=\"height:50px\" aria-hidden=\"true\" class=\"wp-block-spacer\"><\/div>\n\n\n\n<p class=\"has-text-align-center has-medium-font-size\">Releases<\/p>\n\n\n\n<div style=\"height:50px\" aria-hidden=\"true\" class=\"wp-block-spacer\"><\/div>\n\n\n\n<p><a href=\"https:\/\/emrecordlabelarchive.com\/?page_id=40355\" data-type=\"page\" data-id=\"40355\">Egotot<\/a> + <a href=\"https:\/\/emrecordlabelarchive.com\/?page_id=22630\" data-type=\"page\" data-id=\"22630\">Ketch<\/a> Remix + <a href=\"https:\/\/emrecordlabelarchive.com\/?page_id=76508\" data-type=\"page\" data-id=\"76508\">David L\u00f6hlein<\/a> Remix &#8211; <a rel=\"noreferrer noopener\" href=\"https:\/\/syxt-official.bandcamp.com\/album\/syxt024\" target=\"_blank\">SYXT024<\/a><\/p>\n\n\n<figure class=\"wp-block-embed-youtube wp-block-embed is-type-video is-provider-youtube wp-embed-aspect-16-9 wp-has-aspect-ratio\"><div class=\"lyte-wrapper\" style=\"width:420px;max-width:100%;margin:5px;\"><div class=\"lyMe\" id=\"WYL_pggcBny9RY4\"><div id=\"lyte_pggcBny9RY4\" data-src=\"\/\/i.ytimg.com\/vi\/pggcBny9RY4\/hqdefault.jpg\" class=\"pL\"><div class=\"tC\"><div class=\"tT\"><\/div><\/div><div class=\"play\"><\/div><div class=\"ctrl\"><div class=\"Lctrl\"><\/div><div class=\"Rctrl\"><\/div><\/div><\/div><noscript><a href=\"https:\/\/youtu.be\/pggcBny9RY4\" rel=\"nofollow\"><img loading=\"lazy\" decoding=\"async\" src=\"https:\/\/i.ytimg.com\/vi\/pggcBny9RY4\/0.jpg\" alt=\"YouTube video thumbnail\" width=\"420\" height=\"216\" \/><br \/>Watch this video on YouTube<\/a><\/noscript><\/div><\/div><div class=\"lL\" style=\"max-width:100%;width:420px;margin:5px;\"><\/div><figcaption><sub>Release Date: <a href=\"https:\/\/emrecordlabelarchive.com\/?page_id=51934\" data-type=\"page\" data-id=\"51934\">24. December 2021<\/a><\/sub><\/figcaption><\/figure>\n\n\n<div style=\"height:50px\" aria-hidden=\"true\" class=\"wp-block-spacer\"><\/div>\n\n\n\n<p><a href=\"https:\/\/emrecordlabelarchive.com\/?page_id=40429\" data-type=\"page\" data-id=\"40429\">P\u00f8l<\/a> + <a href=\"https:\/\/emrecordlabelarchive.com\/?page_id=40358\" data-type=\"page\" data-id=\"40358\">Mod\u00ebm<\/a> Remix + <a href=\"https:\/\/emrecordlabelarchive.com\/?page_id=76862\" data-type=\"page\" data-id=\"76862\">Hedstr\u00f6m<\/a> Remix + <a href=\"https:\/\/emrecordlabelarchive.com\/?page_id=33886\" data-type=\"page\" data-id=\"33886\">Franz J\u00e4ger<\/a> Remix + <a href=\"https:\/\/emrecordlabelarchive.com\/?page_id=33521\" data-type=\"page\" data-id=\"33521\">Szeir<\/a> Remix &#8211; <a rel=\"noreferrer noopener\" href=\"https:\/\/syxt-official.bandcamp.com\/album\/syxt022\" target=\"_blank\">SYXT022<\/a><\/p>\n\n\n<figure class=\"wp-block-embed-youtube wp-block-embed is-type-video is-provider-youtube wp-embed-aspect-16-9 wp-has-aspect-ratio\"><div class=\"lyte-wrapper\" style=\"width:420px;max-width:100%;margin:5px;\"><div class=\"lyMe\" id=\"WYL_gfUnTDv3Ioo\"><div id=\"lyte_gfUnTDv3Ioo\" data-src=\"\/\/i.ytimg.com\/vi\/gfUnTDv3Ioo\/hqdefault.jpg\" class=\"pL\"><div class=\"tC\"><div class=\"tT\"><\/div><\/div><div class=\"play\"><\/div><div class=\"ctrl\"><div class=\"Lctrl\"><\/div><div class=\"Rctrl\"><\/div><\/div><\/div><noscript><a href=\"https:\/\/youtu.be\/gfUnTDv3Ioo\" rel=\"nofollow\"><img loading=\"lazy\" decoding=\"async\" src=\"https:\/\/i.ytimg.com\/vi\/gfUnTDv3Ioo\/0.jpg\" alt=\"YouTube video thumbnail\" width=\"420\" height=\"216\" \/><br \/>Watch this video on YouTube<\/a><\/noscript><\/div><\/div><div class=\"lL\" style=\"max-width:100%;width:420px;margin:5px;\"><\/div><figcaption><sub>Release Date: <a href=\"https:\/\/emrecordlabelarchive.com\/?page_id=38983\" data-type=\"page\" data-id=\"38983\">30. July 2021<\/a><\/sub><\/figcaption><\/figure>\n\n\n<div style=\"height:50px\" aria-hidden=\"true\" class=\"wp-block-spacer\"><\/div>\n\n\n\n<p><a href=\"https:\/\/emrecordlabelarchive.com\/?page_id=33886\" data-type=\"page\" data-id=\"33886\">Franz J\u00e4ger<\/a> &#8211; <a rel=\"noreferrer noopener\" href=\"https:\/\/syxt-official.bandcamp.com\/album\/syxt021\" target=\"_blank\">SYXT021<\/a><\/p>\n\n\n<figure class=\"wp-block-embed-youtube wp-block-embed is-type-video is-provider-youtube wp-embed-aspect-16-9 wp-has-aspect-ratio\"><div class=\"lyte-wrapper\" style=\"width:420px;max-width:100%;margin:5px;\"><div class=\"lyMe\" id=\"WYL_4oHv3eKh7Xw\"><div id=\"lyte_4oHv3eKh7Xw\" data-src=\"\/\/i.ytimg.com\/vi\/4oHv3eKh7Xw\/hqdefault.jpg\" class=\"pL\"><div class=\"tC\"><div class=\"tT\"><\/div><\/div><div class=\"play\"><\/div><div class=\"ctrl\"><div class=\"Lctrl\"><\/div><div class=\"Rctrl\"><\/div><\/div><\/div><noscript><a href=\"https:\/\/youtu.be\/4oHv3eKh7Xw\" rel=\"nofollow\"><img loading=\"lazy\" decoding=\"async\" src=\"https:\/\/i.ytimg.com\/vi\/4oHv3eKh7Xw\/0.jpg\" alt=\"YouTube video thumbnail\" width=\"420\" height=\"216\" \/><br \/>Watch this video on YouTube<\/a><\/noscript><\/div><\/div><div class=\"lL\" style=\"max-width:100%;width:420px;margin:5px;\"><\/div><figcaption><sub>Release Date: <a href=\"https:\/\/emrecordlabelarchive.com\/?page_id=60420\" data-type=\"page\" data-id=\"60420\">28. June 2021<\/a><\/sub><\/figcaption><\/figure>\n\n\n<div style=\"height:50px\" aria-hidden=\"true\" class=\"wp-block-spacer\"><\/div>\n\n\n\n<p><a href=\"https:\/\/emrecordlabelarchive.com\/?page_id=77795\" data-type=\"page\" data-id=\"77795\">Nicolas Vogler<\/a> + <a href=\"https:\/\/emrecordlabelarchive.com\/?page_id=56950\" data-type=\"page\" data-id=\"56950\">Samuel L Session<\/a> Remix + <a href=\"https:\/\/emrecordlabelarchive.com\/?page_id=34857\" data-type=\"page\" data-id=\"34857\">Alarico<\/a> Remix &#8211; <a rel=\"noreferrer noopener\" href=\"https:\/\/syxt-official.bandcamp.com\/album\/syxt020-2\" target=\"_blank\">SYXT020<\/a><\/p>\n\n\n<figure class=\"wp-block-embed-youtube wp-block-embed is-type-video is-provider-youtube wp-embed-aspect-16-9 wp-has-aspect-ratio\"><div class=\"lyte-wrapper\" style=\"width:420px;max-width:100%;margin:5px;\"><div class=\"lyMe\" id=\"WYL_aivdqU8j0F4\"><div id=\"lyte_aivdqU8j0F4\" data-src=\"\/\/i.ytimg.com\/vi\/aivdqU8j0F4\/hqdefault.jpg\" class=\"pL\"><div class=\"tC\"><div class=\"tT\"><\/div><\/div><div class=\"play\"><\/div><div class=\"ctrl\"><div class=\"Lctrl\"><\/div><div class=\"Rctrl\"><\/div><\/div><\/div><noscript><a href=\"https:\/\/youtu.be\/aivdqU8j0F4\" rel=\"nofollow\"><img loading=\"lazy\" decoding=\"async\" src=\"https:\/\/i.ytimg.com\/vi\/aivdqU8j0F4\/0.jpg\" alt=\"YouTube video thumbnail\" width=\"420\" height=\"216\" \/><br \/>Watch this video on YouTube<\/a><\/noscript><\/div><\/div><div class=\"lL\" style=\"max-width:100%;width:420px;margin:5px;\"><\/div><figcaption><sub>Release Date: <a href=\"https:\/\/emrecordlabelarchive.com\/?page_id=44018\" data-type=\"page\" data-id=\"44018\">24. May 2021<\/a><\/sub><\/figcaption><\/figure>\n\n\n<div style=\"height:50px\" aria-hidden=\"true\" class=\"wp-block-spacer\"><\/div>\n\n\n\n<p><a href=\"https:\/\/emrecordlabelarchive.com\/?page_id=8950\" data-type=\"page\" data-id=\"8950\">Temudo<\/a> + <a href=\"https:\/\/emrecordlabelarchive.com\/?page_id=9500\" data-type=\"URL\" data-id=\"https:\/\/emrecordlabelarchive.com\/?page_id=9500\">-2<\/a> Feature &#8211; <a rel=\"noreferrer noopener\" href=\"https:\/\/syxt-official.bandcamp.com\/album\/syxtspc005\" target=\"_blank\">SYXTSPC005<\/a><\/p>\n\n\n<figure class=\"wp-block-embed-youtube wp-block-embed is-type-video is-provider-youtube wp-embed-aspect-16-9 wp-has-aspect-ratio\"><div class=\"lyte-wrapper\" style=\"width:420px;max-width:100%;margin:5px;\"><div class=\"lyMe\" id=\"WYL_zagCALuimBg\"><div id=\"lyte_zagCALuimBg\" data-src=\"\/\/i.ytimg.com\/vi\/zagCALuimBg\/hqdefault.jpg\" class=\"pL\"><div class=\"tC\"><div class=\"tT\"><\/div><\/div><div class=\"play\"><\/div><div class=\"ctrl\"><div class=\"Lctrl\"><\/div><div class=\"Rctrl\"><\/div><\/div><\/div><noscript><a href=\"https:\/\/youtu.be\/zagCALuimBg\" rel=\"nofollow\"><img loading=\"lazy\" decoding=\"async\" src=\"https:\/\/i.ytimg.com\/vi\/zagCALuimBg\/0.jpg\" alt=\"YouTube video thumbnail\" width=\"420\" height=\"216\" \/><br \/>Watch this video on YouTube<\/a><\/noscript><\/div><\/div><div class=\"lL\" style=\"max-width:100%;width:420px;margin:5px;\"><\/div><figcaption><sub>Release Date: <a href=\"https:\/\/emrecordlabelarchive.com\/?page_id=44578\" data-type=\"page\" data-id=\"44578\">1. April 2021<\/a><\/sub><\/figcaption><\/figure>\n\n\n<div style=\"height:100px\" aria-hidden=\"true\" class=\"wp-block-spacer\"><\/div>\n","protected":false},"excerpt":{"rendered":"<p>LABEL Founder: MZR &amp; Ketch Germany \/ Germany &#8211; Techno Techno \/ Hypnotic Techno Bandcamp Traxsource Discogs Soundcloud Artists Releases Egotot + Ketch Remix + David L\u00f6hlein Remix &#8211; SYXT024 P\u00f8l + Mod\u00ebm Remix + Hedstr\u00f6m Remix + Franz J\u00e4ger Remix + Szeir Remix &#8211; SYXT022 Franz J\u00e4ger &#8211; SYXT021 [&hellip;]<\/p>\n","protected":false},"author":1,"featured_media":0,"parent":0,"menu_order":0,"comment_status":"closed","ping_status":"closed","template":"","meta":{"nf_dc_page":"","_monsterinsights_skip_tracking":false,"_monsterinsights_sitenote_active":false,"_monsterinsights_sitenote_note":"","_monsterinsights_sitenote_category":0,"footnotes":""},"class_list":["post-14470","page","type-page","status-publish","hentry"],"jetpack_sharing_enabled":true,"_links":{"self":[{"href":"https:\/\/emrecordlabelarchive.com\/index.php?rest_route=\/wp\/v2\/pages\/14470","targetHints":{"allow":["GET"]}}],"collection":[{"href":"https:\/\/emrecordlabelarchive.com\/index.php?rest_route=\/wp\/v2\/pages"}],"about":[{"href":"https:\/\/emrecordlabelarchive.com\/index.php?rest_route=\/wp\/v2\/types\/page"}],"author":[{"embeddable":true,"href":"https:\/\/emrecordlabelarchive.com\/index.php?rest_route=\/wp\/v2\/users\/1"}],"replies":[{"embeddable":true,"href":"https:\/\/emrecordlabelarchive.com\/index.php?rest_route=%2Fwp%2Fv2%2Fcomments&post=14470"}],"version-history":[{"count":4,"href":"https:\/\/emrecordlabelarchive.com\/index.php?rest_route=\/wp\/v2\/pages\/14470\/revisions"}],"predecessor-version":[{"id":77799,"href":"https:\/\/emrecordlabelarchive.com\/index.php?rest_route=\/wp\/v2\/pages\/14470\/revisions\/77799"}],"wp:attachment":[{"href":"https:\/\/emrecordlabelarchive.com\/index.php?rest_route=%2Fwp%2Fv2%2Fmedia&parent=14470"}],"curies":[{"name":"wp","href":"https:\/\/api.w.org\/{rel}","templated":true}]}}