{"id":15669,"date":"2021-05-19T16:46:05","date_gmt":"2021-05-19T16:46:05","guid":{"rendered":"https:\/\/emrecordlabelarchive.com\/?page_id=15669"},"modified":"2022-04-22T11:09:19","modified_gmt":"2022-04-22T11:09:19","slug":"de-missie","status":"publish","type":"page","link":"https:\/\/emrecordlabelarchive.com\/?page_id=15669","title":{"rendered":"De Missie"},"content":{"rendered":"\n<p class=\"has-text-align-center\">LABEL<\/p>\n\n\n\n<p style=\"font-size:14px\"><a href=\"https:\/\/emrecordlabelarchive.com\/?page_id=25114\" data-type=\"URL\" data-id=\"https:\/\/emrecordlabelarchive.com\/?page_id=25114\">2021<\/a><\/p>\n\n\n\n<div style=\"height:100px\" aria-hidden=\"true\" class=\"wp-block-spacer\"><\/div>\n\n\n\n<p class=\"has-text-align-center\" style=\"font-size:14px\"><a href=\"https:\/\/emrecordlabelarchive.com\/?page_id=7220\" data-type=\"page\" data-id=\"7220\">Netherlands<\/a>  \/  <a href=\"https:\/\/emrecordlabelarchive.com\/?page_id=15639\" data-type=\"page\" data-id=\"15639\">Netherlands &#8211; Techno<\/a><\/p>\n\n\n\n<hr class=\"wp-block-separator is-style-wide\"\/>\n\n\n\n<p class=\"has-text-align-center\" style=\"font-size:14px\"><a href=\"https:\/\/emrecordlabelarchive.com\/?page_id=13097\" data-type=\"URL\" data-id=\"https:\/\/emrecordlabelarchive.com\/?page_id=13097\">Techno<\/a><\/p>\n\n\n\n<hr class=\"wp-block-separator is-style-wide\"\/>\n\n\n\n<div style=\"height:100px\" aria-hidden=\"true\" class=\"wp-block-spacer\"><\/div>\n\n\n\n<hr class=\"wp-block-separator is-style-wide\"\/>\n\n\n\n<figure class=\"wp-block-table is-style-stripes\"><table><tbody><tr><td class=\"has-text-align-center\" data-align=\"center\"><a rel=\"noreferrer noopener\" href=\"https:\/\/de-missie.bandcamp.com\/\" target=\"_blank\">Bandcamp<\/a><\/td><td class=\"has-text-align-center\" data-align=\"center\"><a rel=\"noreferrer noopener\" href=\"https:\/\/www.discogs.com\/de\/label\/2448043-De-Missie\" target=\"_blank\">Discogs<\/a><\/td><td class=\"has-text-align-center\" data-align=\"center\"><a rel=\"noreferrer noopener\" href=\"https:\/\/soundcloud.com\/de_missie\" target=\"_blank\">Soundcloud<\/a><\/td><\/tr><tr><td class=\"has-text-align-center\" data-align=\"center\"><a rel=\"noreferrer noopener\" href=\"https:\/\/www.youtube.com\/channel\/UCGQI0do5PIHzlKZdNLw-VLw\/featured\" target=\"_blank\">Youtube<\/a><\/td><td class=\"has-text-align-center\" data-align=\"center\"><\/td><td class=\"has-text-align-center\" data-align=\"center\"><\/td><\/tr><\/tbody><\/table><\/figure>\n\n\n\n<div style=\"height:100px\" aria-hidden=\"true\" class=\"wp-block-spacer\"><\/div>\n\n\n\n<p class=\"has-text-align-center has-medium-font-size\">Artists<\/p>\n\n\n\n<div style=\"height:100px\" aria-hidden=\"true\" class=\"wp-block-spacer\"><\/div>\n\n\n\n<figure class=\"wp-block-table is-style-stripes\"><table><tbody><tr><td><a href=\"https:\/\/emrecordlabelarchive.com\/?page_id=91222\" data-type=\"page\" data-id=\"91222\">Delano Legito<\/a><\/td><\/tr><tr><td><a href=\"https:\/\/emrecordlabelarchive.com\/?page_id=40379\" data-type=\"page\" data-id=\"40379\">Paul Laurens<\/a><\/td><\/tr><tr><td><a href=\"https:\/\/emrecordlabelarchive.com\/?page_id=47105\" data-type=\"page\" data-id=\"47105\">Cynthia Spiering<\/a><\/td><\/tr><tr><td><a href=\"https:\/\/emrecordlabelarchive.com\/?page_id=54783\" data-type=\"page\" data-id=\"54783\">Dissolver<\/a><\/td><\/tr><tr><td><a href=\"https:\/\/emrecordlabelarchive.com\/?page_id=46155\" data-type=\"page\" data-id=\"46155\">Androm<\/a><\/td><\/tr><tr><td><a href=\"https:\/\/emrecordlabelarchive.com\/?page_id=91223\" data-type=\"page\" data-id=\"91223\">Max Rfr<\/a><\/td><\/tr><tr><td><a href=\"https:\/\/emrecordlabelarchive.com\/?page_id=40431\" data-type=\"page\" data-id=\"40431\">Hedstr\u00f6m &amp; Pflug<\/a><\/td><\/tr><tr><td><a href=\"https:\/\/emrecordlabelarchive.com\/?page_id=40355\" data-type=\"page\" data-id=\"40355\">Egotot<\/a><\/td><\/tr><tr><td><a href=\"https:\/\/emrecordlabelarchive.com\/?page_id=33886\" data-type=\"page\" data-id=\"33886\">Franz J\u00e4ger<\/a><\/td><\/tr><tr><td><a href=\"https:\/\/emrecordlabelarchive.com\/?page_id=91264\" data-type=\"page\" data-id=\"91264\">Max Frimout<\/a><\/td><\/tr><tr><td><a href=\"https:\/\/emrecordlabelarchive.com\/?page_id=91265\" data-type=\"page\" data-id=\"91265\">Tromp<\/a><\/td><\/tr><tr><td><a href=\"https:\/\/emrecordlabelarchive.com\/?page_id=91266\" data-type=\"page\" data-id=\"91266\">Jaipa<\/a><\/td><\/tr><tr><td><a href=\"https:\/\/emrecordlabelarchive.com\/?page_id=47420\" data-type=\"page\" data-id=\"47420\">Eric de Man<\/a><\/td><\/tr><tr><td><a href=\"https:\/\/emrecordlabelarchive.com\/?page_id=91267\" data-type=\"page\" data-id=\"91267\">Bildwerk<\/a><\/td><\/tr><tr><td><a href=\"https:\/\/emrecordlabelarchive.com\/?page_id=91268\" data-type=\"page\" data-id=\"91268\">Beau Didier<\/a><\/td><\/tr><tr><td><a href=\"https:\/\/emrecordlabelarchive.com\/?page_id=91269\" data-type=\"page\" data-id=\"91269\">Lobster<\/a><\/td><\/tr><tr><td><a href=\"https:\/\/emrecordlabelarchive.com\/?page_id=91270\" data-type=\"page\" data-id=\"91270\">Grace Dahl<\/a><\/td><\/tr><tr><td><a href=\"https:\/\/emrecordlabelarchive.com\/?page_id=91271\" data-type=\"page\" data-id=\"91271\">Isaiah<\/a><\/td><\/tr><tr><td><a href=\"https:\/\/emrecordlabelarchive.com\/?page_id=91272\" data-type=\"page\" data-id=\"91272\">Flits<\/a><\/td><\/tr><tr><td><a href=\"https:\/\/emrecordlabelarchive.com\/?page_id=91273\" data-type=\"page\" data-id=\"91273\">VSSR<\/a><\/td><\/tr><tr><td><a href=\"https:\/\/emrecordlabelarchive.com\/?page_id=91274\" data-type=\"page\" data-id=\"91274\">Stef de Haan<\/a><\/td><\/tr><tr><td><a href=\"https:\/\/emrecordlabelarchive.com\/?page_id=91275\" data-type=\"page\" data-id=\"91275\">DJ Merl\u00edn<\/a><\/td><\/tr><tr><td><a href=\"https:\/\/emrecordlabelarchive.com\/?page_id=91276\" data-type=\"page\" data-id=\"91276\">CARDO<\/a><\/td><\/tr><\/tbody><\/table><\/figure>\n\n\n\n<div style=\"height:100px\" aria-hidden=\"true\" class=\"wp-block-spacer\"><\/div>\n\n\n\n<hr class=\"wp-block-separator\"\/>\n\n\n\n<div style=\"height:50px\" aria-hidden=\"true\" class=\"wp-block-spacer\"><\/div>\n\n\n\n<p class=\"has-text-align-center has-medium-font-size\">Releases<\/p>\n\n\n\n<div style=\"height:50px\" aria-hidden=\"true\" class=\"wp-block-spacer\"><\/div>\n\n\n\n<p>Various Artists &#8211; <a rel=\"noreferrer noopener\" href=\"https:\/\/de-missie.bandcamp.com\/album\/de-missie-various-artists-01-digital\" target=\"_blank\">DMVA01<\/a><\/p>\n\n\n\n<p>w\/ <a href=\"https:\/\/emrecordlabelarchive.com\/?page_id=91222\" data-type=\"page\" data-id=\"91222\">Delano Legito<\/a>, <a href=\"https:\/\/emrecordlabelarchive.com\/?page_id=40379\" data-type=\"page\" data-id=\"40379\">Paul Laurens<\/a>, <a href=\"https:\/\/emrecordlabelarchive.com\/?page_id=47105\" data-type=\"page\" data-id=\"47105\">Cynthia Spiering<\/a>, <a href=\"https:\/\/emrecordlabelarchive.com\/?page_id=54783\" data-type=\"page\" data-id=\"54783\">Dissolver<\/a>, <a href=\"https:\/\/emrecordlabelarchive.com\/?page_id=46155\" data-type=\"page\" data-id=\"46155\">Androm<\/a>, <a href=\"https:\/\/emrecordlabelarchive.com\/?page_id=91223\" data-type=\"page\" data-id=\"91223\">Max Rfr<\/a>, <a href=\"https:\/\/emrecordlabelarchive.com\/?page_id=40431\" data-type=\"page\" data-id=\"40431\">Hedstr\u00f6m &amp; Pflug<\/a>, <a href=\"https:\/\/emrecordlabelarchive.com\/?page_id=40355\" data-type=\"page\" data-id=\"40355\">Egotot<\/a> &amp; <a href=\"https:\/\/emrecordlabelarchive.com\/?page_id=33886\" data-type=\"page\" data-id=\"33886\">Franz J\u00e4ger<\/a><\/p>\n\n\n<figure class=\"wp-block-embed-youtube wp-block-embed is-type-video is-provider-youtube wp-embed-aspect-16-9 wp-has-aspect-ratio\"><div class=\"lyte-wrapper\" style=\"width:420px;max-width:100%;margin:5px;\"><div class=\"lyMe\" id=\"WYL_cYDQya4PA4M\"><div id=\"lyte_cYDQya4PA4M\" data-src=\"\/\/i.ytimg.com\/vi\/cYDQya4PA4M\/hqdefault.jpg\" class=\"pL\"><div class=\"tC\"><div class=\"tT\"><\/div><\/div><div class=\"play\"><\/div><div class=\"ctrl\"><div class=\"Lctrl\"><\/div><div class=\"Rctrl\"><\/div><\/div><\/div><noscript><a href=\"https:\/\/youtu.be\/cYDQya4PA4M\" rel=\"nofollow\"><img loading=\"lazy\" decoding=\"async\" src=\"https:\/\/i.ytimg.com\/vi\/cYDQya4PA4M\/0.jpg\" alt=\"YouTube video thumbnail\" width=\"420\" height=\"216\" \/><br \/>Watch this video on YouTube<\/a><\/noscript><\/div><\/div><div class=\"lL\" style=\"max-width:100%;width:420px;margin:5px;\"><\/div><figcaption><sub>Release Date: <a href=\"https:\/\/emrecordlabelarchive.com\/?page_id=63700\" data-type=\"page\" data-id=\"63700\">1. May 2021<\/a><\/sub><\/figcaption><\/figure>\n\n\n<div style=\"height:100px\" aria-hidden=\"true\" class=\"wp-block-spacer\"><\/div>\n","protected":false},"excerpt":{"rendered":"<p>LABEL 2021 Netherlands \/ Netherlands &#8211; Techno Techno Bandcamp Discogs Soundcloud Youtube Artists Delano Legito Paul Laurens Cynthia Spiering Dissolver Androm Max Rfr Hedstr\u00f6m &amp; Pflug Egotot Franz J\u00e4ger Max Frimout Tromp Jaipa Eric de Man Bildwerk Beau Didier Lobster Grace Dahl Isaiah Flits VSSR Stef de Haan DJ Merl\u00edn [&hellip;]<\/p>\n","protected":false},"author":1,"featured_media":0,"parent":0,"menu_order":0,"comment_status":"closed","ping_status":"closed","template":"","meta":{"nf_dc_page":"","_monsterinsights_skip_tracking":false,"_monsterinsights_sitenote_active":false,"_monsterinsights_sitenote_note":"","_monsterinsights_sitenote_category":0,"footnotes":""},"class_list":["post-15669","page","type-page","status-publish","hentry"],"jetpack_sharing_enabled":true,"_links":{"self":[{"href":"https:\/\/emrecordlabelarchive.com\/index.php?rest_route=\/wp\/v2\/pages\/15669","targetHints":{"allow":["GET"]}}],"collection":[{"href":"https:\/\/emrecordlabelarchive.com\/index.php?rest_route=\/wp\/v2\/pages"}],"about":[{"href":"https:\/\/emrecordlabelarchive.com\/index.php?rest_route=\/wp\/v2\/types\/page"}],"author":[{"embeddable":true,"href":"https:\/\/emrecordlabelarchive.com\/index.php?rest_route=\/wp\/v2\/users\/1"}],"replies":[{"embeddable":true,"href":"https:\/\/emrecordlabelarchive.com\/index.php?rest_route=%2Fwp%2Fv2%2Fcomments&post=15669"}],"version-history":[{"count":4,"href":"https:\/\/emrecordlabelarchive.com\/index.php?rest_route=\/wp\/v2\/pages\/15669\/revisions"}],"predecessor-version":[{"id":91278,"href":"https:\/\/emrecordlabelarchive.com\/index.php?rest_route=\/wp\/v2\/pages\/15669\/revisions\/91278"}],"wp:attachment":[{"href":"https:\/\/emrecordlabelarchive.com\/index.php?rest_route=%2Fwp%2Fv2%2Fmedia&parent=15669"}],"curies":[{"name":"wp","href":"https:\/\/api.w.org\/{rel}","templated":true}]}}