{"id":8958,"date":"2021-04-08T11:42:45","date_gmt":"2021-04-08T09:42:45","guid":{"rendered":"https:\/\/labelarchive.wordpress.com\/?page_id=8958"},"modified":"2022-01-25T20:48:11","modified_gmt":"2022-01-25T20:48:11","slug":"numbers-and-parameters","status":"publish","type":"page","link":"https:\/\/emrecordlabelarchive.com\/?page_id=8958","title":{"rendered":"Numbers And Parameters"},"content":{"rendered":"\n<p class=\"has-text-align-center\">ARTIST<\/p>\n\n\n\n<hr class=\"wp-block-separator\"\/>\n\n\n\n<div style=\"height:100px\" aria-hidden=\"true\" class=\"wp-block-spacer\"><\/div>\n\n\n\n<figure class=\"wp-block-table is-style-stripes\"><table><tbody><tr><td class=\"has-text-align-center\" data-align=\"center\"><a href=\"https:\/\/soundcloud.com\/numbersandparameters\" target=\"_blank\" rel=\"noreferrer noopener\">Soundcloud<\/a><\/td><td class=\"has-text-align-center\" data-align=\"center\"><\/td><td class=\"has-text-align-center\" data-align=\"center\"><\/td><\/tr><tr><td class=\"has-text-align-center\" data-align=\"center\"><\/td><td class=\"has-text-align-center\" data-align=\"center\"><\/td><td class=\"has-text-align-center\" data-align=\"center\"><\/td><\/tr><\/tbody><\/table><\/figure>\n\n\n\n<div style=\"height:100px\" aria-hidden=\"true\" class=\"wp-block-spacer\"><\/div>\n\n\n\n<p class=\"has-text-align-center\">Released \/ featured on the following Labels:<\/p>\n\n\n\n<div style=\"height:40px\" aria-hidden=\"true\" class=\"wp-block-spacer\"><\/div>\n\n\n\n<figure class=\"wp-block-table is-style-stripes\"><table><tbody><tr><td><\/td><\/tr><tr><td><\/td><\/tr><tr><td><\/td><\/tr><tr><td><\/td><\/tr><tr><td><\/td><\/tr><tr><td><\/td><\/tr><tr><td><\/td><\/tr><tr><td><\/td><\/tr><tr><td><\/td><\/tr><\/tbody><\/table><\/figure>\n\n\n\n<div style=\"height:100px\" aria-hidden=\"true\" class=\"wp-block-spacer\"><\/div>\n\n\n\n<hr class=\"wp-block-separator\"\/>\n\n\n\n<div style=\"height:50px\" aria-hidden=\"true\" class=\"wp-block-spacer\"><\/div>\n\n\n\n<p class=\"has-text-align-center has-medium-font-size\">Various Artists Compilations<\/p>\n\n\n\n<div style=\"height:50px\" aria-hidden=\"true\" class=\"wp-block-spacer\"><\/div>\n\n\n\n<p>Various Artists &#8211; <a href=\"https:\/\/emrecordlabelarchive.com\/?page_id=14211\" data-type=\"page\" data-id=\"14211\">Abstraction<\/a> &#8211; <a rel=\"noreferrer noopener\" href=\"https:\/\/abstractioncollective.bandcamp.com\/album\/formless-vol-2\" target=\"_blank\">ABS023<\/a><\/p>\n\n\n\n<p>w\/ <a href=\"https:\/\/emrecordlabelarchive.com\/?page_id=8970\" data-type=\"page\" data-id=\"8970\">H\u00e5lb\u00e5<\/a>, <a href=\"https:\/\/emrecordlabelarchive.com\/?page_id=8916\" data-type=\"page\" data-id=\"8916\">Vegim<\/a>, <a href=\"https:\/\/emrecordlabelarchive.com\/?page_id=8972\" data-type=\"page\" data-id=\"8972\">X-Alox<\/a>, <a href=\"https:\/\/emrecordlabelarchive.com\/?page_id=8958\" data-type=\"page\" data-id=\"8958\">Numbers And Parameters<\/a>, <a href=\"https:\/\/emrecordlabelarchive.com\/?page_id=8914\" data-type=\"page\" data-id=\"8914\">\u00c5re:gone<\/a>, <a href=\"https:\/\/emrecordlabelarchive.com\/?page_id=8856\" data-type=\"page\" data-id=\"8856\">Hioll<\/a>, <a href=\"https:\/\/emrecordlabelarchive.com\/?page_id=8912\" data-type=\"page\" data-id=\"8912\">Earthscape<\/a>, <a href=\"https:\/\/emrecordlabelarchive.com\/?page_id=8902\" data-type=\"page\" data-id=\"8902\">R\u00f8ttar<\/a>, <a href=\"https:\/\/emrecordlabelarchive.com\/?page_id=8906\" data-type=\"page\" data-id=\"8906\">E\u00f2nan<\/a>, <a href=\"https:\/\/emrecordlabelarchive.com\/?page_id=8918\" data-type=\"page\" data-id=\"8918\">Chimachine<\/a>, <a href=\"https:\/\/emrecordlabelarchive.com\/?page_id=8894\" data-type=\"page\" data-id=\"8894\">Sun Over Me<\/a>, <a href=\"https:\/\/emrecordlabelarchive.com\/?page_id=51076\" data-type=\"page\" data-id=\"51076\">K\u00f8zl\u00f8v<\/a>, <a href=\"https:\/\/emrecordlabelarchive.com\/?page_id=8982\" data-type=\"page\" data-id=\"8982\">Einsiedler<\/a><\/p>\n\n\n<figure class=\"wp-block-embed-youtube wp-block-embed is-type-video is-provider-youtube wp-embed-aspect-16-9 wp-has-aspect-ratio\"><div class=\"lyte-wrapper\" style=\"width:420px;max-width:100%;margin:5px;\"><div class=\"lyMe\" id=\"WYL_hrnafFMUQn4\"><div id=\"lyte_hrnafFMUQn4\" data-src=\"\/\/i.ytimg.com\/vi\/hrnafFMUQn4\/hqdefault.jpg\" class=\"pL\"><div class=\"tC\"><div class=\"tT\"><\/div><\/div><div class=\"play\"><\/div><div class=\"ctrl\"><div class=\"Lctrl\"><\/div><div class=\"Rctrl\"><\/div><\/div><\/div><noscript><a href=\"https:\/\/youtu.be\/hrnafFMUQn4\" rel=\"nofollow\"><img loading=\"lazy\" decoding=\"async\" src=\"https:\/\/i.ytimg.com\/vi\/hrnafFMUQn4\/0.jpg\" alt=\"YouTube video thumbnail\" width=\"420\" height=\"216\" \/><br \/>Watch this video on YouTube<\/a><\/noscript><\/div><\/div><div class=\"lL\" style=\"max-width:100%;width:420px;margin:5px;\"><\/div><figcaption><sub>Release Date: <a href=\"https:\/\/emrecordlabelarchive.com\/?page_id=51073\" data-type=\"page\" data-id=\"51073\">23. December 2019<\/a><\/sub> <\/figcaption><\/figure>\n\n\n<div style=\"height:100px\" aria-hidden=\"true\" class=\"wp-block-spacer\"><\/div>\n","protected":false},"excerpt":{"rendered":"<p>ARTIST Soundcloud Released \/ featured on the following Labels: Various Artists Compilations Various Artists &#8211; Abstraction &#8211; ABS023 w\/ H\u00e5lb\u00e5, Vegim, X-Alox, Numbers And Parameters, \u00c5re:gone, Hioll, Earthscape, R\u00f8ttar, E\u00f2nan, Chimachine, Sun Over Me, K\u00f8zl\u00f8v, Einsiedler<\/p>\n","protected":false},"author":1,"featured_media":0,"parent":0,"menu_order":0,"comment_status":"closed","ping_status":"closed","template":"","meta":{"nf_dc_page":"","_monsterinsights_skip_tracking":false,"_monsterinsights_sitenote_active":false,"_monsterinsights_sitenote_note":"","_monsterinsights_sitenote_category":0,"footnotes":""},"class_list":["post-8958","page","type-page","status-publish","hentry"],"jetpack_sharing_enabled":true,"_links":{"self":[{"href":"https:\/\/emrecordlabelarchive.com\/index.php?rest_route=\/wp\/v2\/pages\/8958","targetHints":{"allow":["GET"]}}],"collection":[{"href":"https:\/\/emrecordlabelarchive.com\/index.php?rest_route=\/wp\/v2\/pages"}],"about":[{"href":"https:\/\/emrecordlabelarchive.com\/index.php?rest_route=\/wp\/v2\/types\/page"}],"author":[{"embeddable":true,"href":"https:\/\/emrecordlabelarchive.com\/index.php?rest_route=\/wp\/v2\/users\/1"}],"replies":[{"embeddable":true,"href":"https:\/\/emrecordlabelarchive.com\/index.php?rest_route=%2Fwp%2Fv2%2Fcomments&post=8958"}],"version-history":[{"count":4,"href":"https:\/\/emrecordlabelarchive.com\/index.php?rest_route=\/wp\/v2\/pages\/8958\/revisions"}],"predecessor-version":[{"id":60597,"href":"https:\/\/emrecordlabelarchive.com\/index.php?rest_route=\/wp\/v2\/pages\/8958\/revisions\/60597"}],"wp:attachment":[{"href":"https:\/\/emrecordlabelarchive.com\/index.php?rest_route=%2Fwp%2Fv2%2Fmedia&parent=8958"}],"curies":[{"name":"wp","href":"https:\/\/api.w.org\/{rel}","templated":true}]}}